{"id":692,"date":"2018-03-01T15:10:38","date_gmt":"2018-03-01T15:10:38","guid":{"rendered":"http:\/\/localhost:8888\/pranger\/?page_id=692\/"},"modified":"2025-09-17T17:48:11","modified_gmt":"2025-09-17T15:48:11","slug":"programme","status":"publish","type":"page","link":"https:\/\/pranger.si\/en\/programme\/","title":{"rendered":"Pranger Festival"},"content":{"rendered":"<blockquote>\n<blockquote>\n<h3><strong>22th gathering of poets, critics and translators of poetry<\/strong><\/h3>\n<h3><strong>Radovljica, Ljubljana, Kranj; 21st-27th of September 2025<\/strong><\/h3>\n<\/blockquote>\n<p>&nbsp;<\/p>\n<p>We welcome you to gather once again in front of the pranger \u2013 in 2025, it will be the medieval stocks between the pillars of the Mali House on Linhart Square in Radovljica, the only ones of their kind in Slovenia. Let us gaze into the far-reaching worlds of poetry!<\/p>\n<p>The 22nd edition of the criticism part of the Pranger Festival will be held in Radovljica, while the Little Pranger \u2013 ELA and the SWA Stritar Award ceremony are staying in Roga\u0161ka Slatina, to be held on the <strong>31st of May 2025<\/strong>.<\/p>\n<h3>Festival Programme 2025<\/h3>\n<p><span style=\"color: #ff6600;\"><strong>Sunday, 21st of September 2025, Layerjeva hi\u0161a Kranj, \u0160krlovec Tower, 17:00<\/strong><\/span><\/p>\n<p><span style=\"color: #ff0000;\"><strong>Pranger x Medvrsticami<\/strong> &#8211; a <strong><em>Pranger before Pranger<\/em><\/strong> Discussion<\/span><\/p>\n<p>Guests: critic <strong>Anja Zidar<\/strong> and her selected poets <a href=\"https:\/\/pranger.si\/en\/biografije\/petra-korsic\/\"><strong>Petra Kor\u0161i\u010d<\/strong><\/a>, <a href=\"https:\/\/pranger.si\/en\/biografije\/anja-novak-anjuta\/\"><strong>Anja Novak &#8211; Anjuta<\/strong><\/a> and <a href=\"https:\/\/pranger.si\/en\/biografije\/pino-pograjc\/\"><strong>Pino Pograjc<\/strong><\/a><\/p>\n<p>Moderator: <span style=\"font-size: revert; color: initial;\"><strong>Hana B. Kokot<\/strong><\/span><\/p>\n<hr \/>\n<p><span style=\"color: #ff6600;\"><strong>Tuesday, 23rd of September 2025, Ljubljana, Vodnikova doma\u010dija, 18:00<\/strong><\/span><\/p>\n<p><span style=\"color: #ff0000;\"><strong>Conceptual discussion <em>Poetry and Food<\/em><\/strong><\/span><\/p>\n<p>Guests: <a href=\"https:\/\/pranger.si\/en\/biografije\/vesna-liponik\/\"><strong>Vesna Liponik<\/strong><\/a> and <a href=\"https:\/\/pranger.si\/en\/biografije\/aja-zamolo\/\"><strong>Aja Zamolo<\/strong><\/a><\/p>\n<p>Moderator: <a href=\"https:\/\/pranger.si\/en\/biografije\/nezka-struc\/\"><strong>dr. Ne\u017eka Struc<\/strong><\/a><\/p>\n<hr \/>\n<p><span style=\"color: #ff6600;\"><strong>Wednesday, 24th of September 2025, Ljubljana, garden of Vodnikova doma\u010dija, 18:00<\/strong><\/span><\/p>\n<p><span style=\"color: #ff0000;\"><strong>Great poetry reading<\/strong><\/span><\/p>\n<p>Readers: <strong>Tanja Bo\u017ei\u0107, Alojzija Zupan Sosi\u010d, Miklav\u017e Komelj<\/strong>,\u00a0<strong>Ana Porenta<\/strong><\/p>\n<p>Moderator: <a href=\"https:\/\/pranger.si\/en\/biografije\/natalija-milovanovic\/\"><strong>Natalija Milovanovi\u0107<\/strong><\/a><\/p>\n<hr \/>\n<p><span style=\"color: #99cc00;\"><strong>Thursday, 25th of September 2025, Radovljica<\/strong><\/span><\/p>\n<p><strong>10:00, <a href=\"https:\/\/mro.si\/en\/musem-of-apiculture\">Museum of Apiculture<\/a>, &#8220;\u010cebelnjak&#8221; area: <\/strong><em><span style=\"color: #ff0000;\">Poetry with the bees for kindergarden kids<\/span><\/em><\/p>\n<p><strong>13:30, \u0160iv\u010deva hi\u0161a:<\/strong> <span style=\"color: #ff0000;\">opening <strong>reception<\/strong> Visit Radol&#8217;ca<\/span><\/p>\n<ul>\n<li>Ka\u0161\u010da: opening of exhibition by <strong>Ana \u0160tular<\/strong> (poetry) &amp; <a href=\"https:\/\/www.andrejstular.net\/\"><strong>Andrej \u0160tular<\/strong><\/a> (illustrations, comics) (curator <strong>Hana B. Kokot<\/strong>, Layerjeva hi\u0161a)<\/li>\n<li>tour of renaissance bourgeois residence (custodian <strong style=\"font-size: 1rem;\">Bo\u0161tjan Sokli\u010d<\/strong><span style=\"font-size: 1rem;\">, Radovljica Municipality Museums)<\/span><\/li>\n<\/ul>\n<p><strong>14:00 (until 17:00), \u0160iv\u010deva hi\u0161a, wedding hall:<\/strong> <span style=\"color: #ff0000;\">1st critical discussion<\/span><\/p>\n<ul>\n<li><a href=\"https:\/\/pranger.si\/en\/biografije\/ana-porenta\/\"><strong>Ana Porenta<\/strong><\/a>: <a href=\"https:\/\/www.poetikon.si\/soncnica\/949-ana-porenta-2024\"><em>zaTi\u0161je<\/em><\/a>, selected by <strong>Luka Benedi\u010di\u010d<\/strong><\/li>\n<li><a href=\"https:\/\/pranger.si\/en\/biografije\/peter-semolic\/\"><strong>Peter Semoli\u010d<\/strong><\/a>: <a href=\"https:\/\/www.ludliteratura.si\/knjigarna\/knjige\/zalostinke-za-okroglo-zemljo\/\"><em>\u017dalostinke za okroglo Zemljo<\/em><\/a>, selected <strong>Jelka Kernev \u0160trajn<\/strong><\/li>\n<li>Moderator: critic <a href=\"https:\/\/pranger.si\/en\/biografije\/diana-pungersic\/\"><strong>Diana Punger\u0161i\u010d<\/strong><\/a><\/li>\n<\/ul>\n<hr \/>\n<p><span style=\"color: #99cc00;\"><strong>Friday, 26th of September 2025, Radovljica<\/strong><\/span><\/p>\n<p><strong>9:00, Anton Toma\u017e Linhart Library<\/strong>: <span style=\"color: #ff0000;\">homage to <strong>Ivan Hribov\u0161ek<\/strong> and exhibition of <strong>Matej Bor<\/strong><strong>&#8216;s<\/strong> collection<\/span><br \/>\n<strong>10:00 (until 13:00), upper hall of the Anton Toma\u017e Linhart Library<\/strong>: <span style=\"color: #ff0000;\">2nd critical discussion<\/span><\/p>\n<ul>\n<li><a href=\"https:\/\/pranger.si\/en\/biografije\/tanja-bozic\/\"><strong>Tanja Bo\u017ei\u0107<\/strong><\/a>: <a href=\"https:\/\/www.ludliteratura.si\/knjigarna\/knjige\/vejo-po-vejo\/\"><em>Vejo po vejo<\/em><\/a>, chosen by <strong>dr. Varja Bal\u017ealorsky<\/strong><\/li>\n<li><a href=\"https:\/\/pranger.si\/en\/biografije\/lucija-stupica\/\"><strong>Lucija Stupica<\/strong><\/a>: <a href=\"https:\/\/www.goga.si\/izdelek\/magnolija-njena-zgodba\/\"><em>Magnolija<\/em>. <em>Njena zgodba<\/em><\/a>, chosen by <strong>Jelka Kernev \u0160trajn<\/strong><\/li>\n<li>Moderator: critic <strong>Diana Punger\u0161i\u010d<\/strong><\/li>\n<\/ul>\n<p><strong>16:00:<\/strong> guided tour of Radovljica, Linhart&#8217;s room and the Museum of Apiculture<\/p>\n<p><span style=\"font-weight: 400;\">After the discussion and lunch we will regather and see the old city centre and Linhart&#8217;s Room and the Museum of Apiculture in the <span style=\"font-size: 1rem;\">Radovljica Municipality Museums. Our guide to Radovljica will be<\/span>\u00a0<strong>Sa\u0161o Ga\u0161perin<\/strong>.<\/span><\/p>\n<p><strong>19:00, Gra\u0161\u010dina baroque hall:<\/strong> Poetry &amp; music &amp; socialising at the pranger<\/p>\n<ul>\n<li>Readers: <strong>Lucija Stupica,<\/strong> <strong>Ana Porenta, Tanja Bo\u017ei\u0107, Alojzija Zupan Sosi\u010d, Miklav\u017e Komelj<\/strong> (poetry)<\/li>\n<li>Music cast: <strong><a href=\"https:\/\/www.sigic.si\/barva-granata-ali-kako-skrlatna-je-ljubezen.html\">Barva granata<\/a><\/strong>, <a href=\"https:\/\/pranger.si\/en\/biografije\/phylomena-ensemble-jasmina-crncic-mojca-jerman\/\">Phylomena<\/a> \u2013\u00a0<strong>Jasmina \u010crn\u010di\u010d<\/strong> (romanesque harp, <a href=\"https:\/\/www.jasminacrncic.com\/jasmina-crncic\">vocals<\/a>), <strong>Mojca Jerman<\/strong> (medieval <a href=\"https:\/\/www.mojcajerman.com\/\">vielle<\/a>)<\/li>\n<\/ul>\n<p>The repertoire includes works from the middle ages (12th and 13th century) from author Hildegard of Bingen, the work Minneleich of Meister Alexander (Der wilde Alexander) and a poem of Pierre de Blois in Old French. Translations: <strong>Domen Marin\u010di\u010d<\/strong> and <strong>dr. Alen \u0160irca<\/strong><\/p>\n<ul>\n<li>Presenters: <a href=\"https:\/\/pranger.si\/en\/biografije\/katja-bevk\/\"><strong>Katja Bevk<\/strong><\/a> &amp; <strong>Katja Stu\u0161ek<\/strong><\/li>\n<li>Partners: <strong><a href=\"https:\/\/www.radolca.si\/en\">Visit Radol&#8217;ca<\/a><\/strong> and <strong style=\"font-size: 1rem;\"><a href=\"https:\/\/festival-radovljica.si\/en\/\">43. Festival stare glasbe Radovljica<\/a><\/strong><\/li>\n<\/ul>\n<p><strong>20:30: <span style=\"color: #ff0000;\">socialising at the pranger,<\/span><\/strong> <strong>Malijeva hi\u0161a<\/strong>, Linhartov trg 25<\/p>\n<hr \/>\n<p><span style=\"color: #99cc00;\"><strong>Saturday, 27th of September 2025, Radovljica and Kamen Castle<\/strong><\/span><\/p>\n<p><strong>10:00, Radol&#8217;ca crafts market (<\/strong><span style=\"font-size: 1rem;\"><strong>Linhartov trg)<\/strong>: <\/span><span style=\"color: #ff0000;\">Visit Radol&#8217;ca x Festival Pranger<\/span>; Cooking workshop with<a style=\"background-color: #ffffff; font-size: 1rem;\" href=\"https:\/\/vrtokusov.si\/en\/\"><strong> Matejo Re\u0161<\/strong><\/a><span style=\"font-size: 1rem;\"> &#8211; <span style=\"color: #ff0000;\"><em>A taste of flowers and poetry<\/em><\/span><\/span><br \/>\n<strong>11:00 (until 14:00), <\/strong><strong>upper hall of the Anton Toma\u017e Linhart Library<\/strong>: <span style=\"color: #ff0000;\">3rd critical discussion<\/span><\/p>\n<ul>\n<li><a href=\"https:\/\/pranger.si\/en\/biografije\/alojzija-zupan-sosic\/\"><strong>Alojzija Zupan Sosi\u010d<\/strong><\/a>: <a href=\"https:\/\/buca.si\/knjigarna\/leposlovje-knjizevnost\/poezija\/drevo-delfin\/\"><em>Drevo delfin<\/em><\/a>, chosen by <strong>dr. Varja Bal\u017ealorsky<\/strong><\/li>\n<li><a href=\"https:\/\/pranger.si\/en\/biografije\/miklavz-komelj\/\"><strong>Miklav\u017e <\/strong><strong>Komelj<\/strong><\/a>: <a href=\"https:\/\/beletrina.si\/knjiga\/to-noc-bom-terjal-od-tebe-tvojo-duso\"><em>To no\u010d bom terjal od tebe tvojo du\u0161o<\/em><\/a>, chosen by <strong>Luka Benedi\u010di\u010d<\/strong><\/li>\n<li>Moderator: critic <strong>Diana Punger\u0161i\u010d<\/strong><\/li>\n<\/ul>\n<p><strong>17:00:<\/strong> <strong>Kamen Castle, entrance to Draga Valley, Begunje:<\/strong> 22. Pranger x Lamberg \u2013 ambient poetry reading and accordion<\/p>\n<ul>\n<li>Select poet showcase at the nigritellas and spruces<\/li>\n<li>Music: <a href=\"https:\/\/pranger.si\/en\/biografije\/spela-semrl\/\"><strong>\u0160pela \u0160emrl<\/strong><\/a><\/li>\n<li>Presenter: <strong style=\"font-size: 1rem;\">Katja Bevk<\/strong><\/li>\n<li>Address: <strong style=\"font-size: 1rem;\">Bo\u017eena Kolman Fin\u017egar <\/strong>and\u00a0<strong style=\"font-size: 1rem;\">Peter Kolman<\/strong><\/li>\n<\/ul>\n<p>Farewell to the 22nd Pranger: A mooring of souls under Begunj\u0161\u010dica<br \/>\n<span style=\"font-size: 1rem;\">Partner: Begunje Tourist Association. In case of rain, the event will be held in the hall of ATL Library<\/span><span style=\"font-size: 1rem;\">, Vurnikov trg 1.<\/span><\/p>\n<hr \/>\n<\/blockquote>\n<p>Chosen language: <strong>Maltese<\/strong>, translation collection of poems from Pranger&#8217;s poets in the language of Malta. <a href=\"https:\/\/pranger.si\/en\/lyrikbook\/\">Recordings of Maltese translations of individual poems<\/a> will be heard at the poetry readings at Vodnikova doma\u010dija, Radovljica&#8217;s Gra\u0161\u010dina and Kamen Castle (read by <a href=\"https:\/\/pranger.si\/en\/biografije\/abigail-ardelle-zammit\/\"><strong>Abigail Ardelle Zammit<\/strong><\/a>).<\/p>\n<p><strong>October<\/strong><\/p>\n<p><a href=\"https:\/\/pranger.si\/en\/young-critique\/\">Young critique<\/a> programme: critique workshop with <strong>Silvija \u017dnidar<\/strong>. Applications until 15. 9. 2025.<\/p>\n<p><strong>Wednesday, 8th of October, online, 18:00<\/strong><\/p>\n<div>Translation Pranger on the subject of translating Slovene poetry into Maltese<\/div>\n<div>Participants: <strong>Abigail Ardelle Zammit<\/strong>, <strong>Immanuel Mifsud<\/strong>, <strong>Peter Semoli\u010d<\/strong><\/div>\n<div>Moderator: <strong>dr. <a href=\"https:\/\/pranger.si\/en\/biografije\/dr-nada-groselj\/\">Nada Gro\u0161elj<\/a><\/strong><\/div>\n<div><\/div>\n<div>\n<hr \/>\n<\/div>\n<h3><img decoding=\"async\" loading=\"lazy\" class=\"aligncenter wp-image-8548 size-large\" src=\"https:\/\/pranger.si\/wp-content\/uploads\/2025\/04\/Pranger-novo-prizorisce-Radovljica-trg_1-c-Pranger-1024x768.png\" alt=\"\" width=\"640\" height=\"480\" srcset=\"https:\/\/pranger.si\/wp-content\/uploads\/2025\/04\/Pranger-novo-prizorisce-Radovljica-trg_1-c-Pranger-1024x768.png 1024w, https:\/\/pranger.si\/wp-content\/uploads\/2025\/04\/Pranger-novo-prizorisce-Radovljica-trg_1-c-Pranger-300x225.png 300w, https:\/\/pranger.si\/wp-content\/uploads\/2025\/04\/Pranger-novo-prizorisce-Radovljica-trg_1-c-Pranger-768x576.png 768w, https:\/\/pranger.si\/wp-content\/uploads\/2025\/04\/Pranger-novo-prizorisce-Radovljica-trg_1-c-Pranger-1536x1152.png 1536w, https:\/\/pranger.si\/wp-content\/uploads\/2025\/04\/Pranger-novo-prizorisce-Radovljica-trg_1-c-Pranger-2048x1536.png 2048w\" sizes=\"(max-width: 640px) 100vw, 640px\" \/><\/h3>\n<h3>Critics and Poets 2025<\/h3>\n<p><a href=\"https:\/\/pranger.si\/en\/biografije\/varja-balzalorsky-antic\/\"><strong>Varja Bal\u017ealorsky Anti\u0107<\/strong><\/a><\/p>\n<ul>\n<li><a href=\"https:\/\/pranger.si\/en\/biografije\/tanja-bozic\/\"><strong>Tanja Bo\u017ei\u0107<\/strong><\/a>: <a href=\"https:\/\/www.ludliteratura.si\/knjigarna\/knjige\/vejo-po-vejo\/\" target=\"_blank\" rel=\"noopener\"><em>Vejo po vejo<\/em><\/a> (LUD Literatura, Ljubljana)<\/li>\n<li><a href=\"https:\/\/pranger.si\/en\/biografije\/alojzija-zupan-sosic\/\"><strong>Alojzij<\/strong><strong>a<\/strong><strong> Zupan Sosi\u010d<\/strong><\/a>: <a href=\"https:\/\/buca.si\/knjigarna\/leposlovje-knjizevnost\/poezija\/drevo-delfin\/\" target=\"_blank\" rel=\"noopener\"><em>Drevo delfin<\/em><\/a> (CSK, Ljubljana)<\/li>\n<\/ul>\n<p><a href=\"https:\/\/pranger.si\/en\/biografije\/jelka-kernev-strajn\/\"><strong>Jelka Kernev \u0160trajn<\/strong><\/a><\/p>\n<ul>\n<li><a href=\"https:\/\/pranger.si\/en\/biografije\/peter-semolic\/\"><strong>Peter Semoli\u010d<\/strong><\/a>: <a href=\"https:\/\/www.ludliteratura.si\/knjigarna\/knjige\/zalostinke-za-okroglo-zemljo\/\" target=\"_blank\" rel=\"noopener\"><em>\u017dalostinke za okroglo Zemljo<\/em><\/a> (LUD Literatura, Ljubljana)<\/li>\n<li><a href=\"https:\/\/pranger.si\/en\/biografije\/lucija-stupica\/\"><strong>Lucija Stupica<\/strong><\/a>: <a href=\"https:\/\/www.goga.si\/izdelek\/magnolija-njena-zgodba\/\" target=\"_blank\" rel=\"noopener\"><em>Magnolija<\/em>. <em>Njena zgodba<\/em><\/a> (Goga, Novo mesto)<\/li>\n<\/ul>\n<p><a href=\"https:\/\/pranger.si\/en\/biografije\/luka-benedicic\/\"><strong>Luka Benedi\u010di\u010d<\/strong><\/a><\/p>\n<ul>\n<li><a href=\"https:\/\/pranger.si\/en\/biografije\/ana-porenta\/\"><strong>Ana Porenta<\/strong><\/a>: <a href=\"https:\/\/www.poetikon.si\/soncnica\/949-ana-porenta-2024\" target=\"_blank\" rel=\"noopener\"><em>zaTi\u0161je<\/em> <\/a>(Hi\u0161a poezije, Ljubljana)<\/li>\n<li><a href=\"https:\/\/pranger.si\/en\/biografije\/miklavz-komelj\/\"><strong>Miklav\u017e<\/strong> <strong>Komelj<\/strong><\/a>: <a href=\"https:\/\/beletrina.si\/knjiga\/to-noc-bom-terjal-od-tebe-tvojo-duso\" target=\"_blank\" rel=\"noopener\"><em>To no\u010d bom terjal od tebe tvojo du\u0161o<\/em><\/a> (Beletrina, Ljubljana)<\/li>\n<\/ul>\n<h3><\/h3>\n<p><img decoding=\"async\" loading=\"lazy\" class=\"aligncenter wp-image-8896 size-large\" src=\"http:\/\/pranger.si\/wp-content\/uploads\/2025\/07\/Pranger6-1024x768.jpg\" alt=\"\" width=\"640\" height=\"480\" srcset=\"https:\/\/pranger.si\/wp-content\/uploads\/2025\/07\/Pranger6-1024x768.jpg 1024w, https:\/\/pranger.si\/wp-content\/uploads\/2025\/07\/Pranger6-300x225.jpg 300w, https:\/\/pranger.si\/wp-content\/uploads\/2025\/07\/Pranger6-768x576.jpg 768w, https:\/\/pranger.si\/wp-content\/uploads\/2025\/07\/Pranger6-1536x1152.jpg 1536w, https:\/\/pranger.si\/wp-content\/uploads\/2025\/07\/Pranger6-2048x1536.jpg 2048w\" sizes=\"(max-width: 640px) 100vw, 640px\" \/><\/p>\n<p>This event is part of a programme of literary events, co-financed by the Slovenian Book Agency.<\/p>\n<p>THANK YOU TO:<\/p>\n<p>Slovenian Book Agency, The Radovljica Public Institute for Tourism and Culture, <span style=\"font-size: 1rem;\">Radovljica Municipality Museums<\/span>, Anton Toma\u017e Linhart Library Radovljica, <span style=\"font-size: 1rem;\">Begunje Tourist Association<\/span>, 43rd Festival Radovljica, Vodnikova doma\u010dija, Ljubljana, Unesco City of Literature, Layerjeva hi\u0161a Kranj, Pre\u0161eren Theatre Kranj, Radovljica Music School, Anton Jan\u0161a Primary School Radovljica.<\/p>\n<p>Media sponsor: Kolman foto, video &amp; aerial<\/p>\n","protected":false},"excerpt":{"rendered":"<p>22th gathering of poets, critics and translators of poetry Radovljica, Ljubljana, Kranj; 21st-27th of September 2025 &nbsp; We welcome you to gather once again in front of the pranger \u2013 in 2025, it will be the medieval stocks between the pillars of the Mali House on Linhart Square in Radovljica, the only ones of their [&#8230;]<\/p>\n<p><a class=\"btn btn-secondary understrap-read-more-link\" href=\"https:\/\/pranger.si\/en\/programme\/\">Read More&#8230;<\/a><\/p>\n","protected":false},"author":1,"featured_media":0,"parent":0,"menu_order":1,"comment_status":"closed","ping_status":"closed","template":"","meta":{"inline_featured_image":false,"_exactmetrics_skip_tracking":false,"_exactmetrics_sitenote_active":false,"_exactmetrics_sitenote_note":"","_exactmetrics_sitenote_category":0},"acf":[],"yoast_head":"<!-- This site is optimized with the Yoast SEO plugin v20.1 - https:\/\/yoast.com\/wordpress\/plugins\/seo\/ -->\n<title>Pranger Festival - Festival Pranger<\/title>\n<meta name=\"robots\" content=\"index, follow, max-snippet:-1, max-image-preview:large, max-video-preview:-1\" \/>\n<link rel=\"canonical\" href=\"https:\/\/pranger.si\/en\/programme\/\" \/>\n<meta property=\"og:locale\" content=\"en_US\" \/>\n<meta property=\"og:type\" content=\"article\" \/>\n<meta property=\"og:title\" content=\"Pranger Festival - Festival Pranger\" \/>\n<meta property=\"og:description\" content=\"22th gathering of poets, critics and translators of poetry Radovljica, Ljubljana, Kranj; 21st-27th of September 2025 &nbsp; We welcome you to gather once again in front of the pranger \u2013 in 2025, it will be the medieval stocks between the pillars of the Mali House on Linhart Square in Radovljica, the only ones of their [...]Read More...\" \/>\n<meta property=\"og:url\" content=\"https:\/\/pranger.si\/en\/programme\/\" \/>\n<meta property=\"og:site_name\" content=\"Festival Pranger\" \/>\n<meta property=\"article:publisher\" content=\"https:\/\/www.facebook.com\/Festival-Pranger-1538163273155704\/\" \/>\n<meta property=\"article:modified_time\" content=\"2025-09-17T15:48:11+00:00\" \/>\n<meta property=\"og:image\" content=\"https:\/\/pranger.si\/wp-content\/uploads\/2025\/04\/Pranger-novo-prizorisce-Radovljica-trg_1-c-Pranger-1024x768.png\" \/>\n<meta name=\"twitter:card\" content=\"summary_large_image\" \/>\n<meta name=\"twitter:label1\" content=\"Est. reading time\" \/>\n\t<meta name=\"twitter:data1\" content=\"6 minutes\" \/>\n<script type=\"application\/ld+json\" class=\"yoast-schema-graph\">{\"@context\":\"https:\/\/schema.org\",\"@graph\":[{\"@type\":\"WebPage\",\"@id\":\"https:\/\/pranger.si\/en\/programme\/\",\"url\":\"https:\/\/pranger.si\/en\/programme\/\",\"name\":\"Pranger Festival - Festival Pranger\",\"isPartOf\":{\"@id\":\"https:\/\/pranger.si\/en\/#website\"},\"datePublished\":\"2018-03-01T15:10:38+00:00\",\"dateModified\":\"2025-09-17T15:48:11+00:00\",\"breadcrumb\":{\"@id\":\"https:\/\/pranger.si\/en\/programme\/#breadcrumb\"},\"inLanguage\":\"en-US\",\"potentialAction\":[{\"@type\":\"ReadAction\",\"target\":[\"https:\/\/pranger.si\/en\/programme\/\"]}]},{\"@type\":\"BreadcrumbList\",\"@id\":\"https:\/\/pranger.si\/en\/programme\/#breadcrumb\",\"itemListElement\":[{\"@type\":\"ListItem\",\"position\":1,\"name\":\"Home\",\"item\":\"https:\/\/pranger.si\/en\/\"},{\"@type\":\"ListItem\",\"position\":2,\"name\":\"Pranger Festival\"}]},{\"@type\":\"WebSite\",\"@id\":\"https:\/\/pranger.si\/en\/#website\",\"url\":\"https:\/\/pranger.si\/en\/\",\"name\":\"Pranger\",\"description\":\"Sre\u010danje pesnikov, kritikov in prevajalcev poezije\",\"publisher\":{\"@id\":\"https:\/\/pranger.si\/en\/#organization\"},\"potentialAction\":[{\"@type\":\"SearchAction\",\"target\":{\"@type\":\"EntryPoint\",\"urlTemplate\":\"https:\/\/pranger.si\/en\/?s={search_term_string}\"},\"query-input\":\"required name=search_term_string\"}],\"inLanguage\":\"en-US\"},{\"@type\":\"Organization\",\"@id\":\"https:\/\/pranger.si\/en\/#organization\",\"name\":\"KUD Pranger\",\"url\":\"https:\/\/pranger.si\/en\/\",\"logo\":{\"@type\":\"ImageObject\",\"inLanguage\":\"en-US\",\"@id\":\"https:\/\/pranger.si\/en\/#\/schema\/logo\/image\/\",\"url\":\"http:\/\/pranger.si\/wp-content\/uploads\/2018\/03\/logo.png\",\"contentUrl\":\"http:\/\/pranger.si\/wp-content\/uploads\/2018\/03\/logo.png\",\"width\":288,\"height\":100,\"caption\":\"KUD Pranger\"},\"image\":{\"@id\":\"https:\/\/pranger.si\/en\/#\/schema\/logo\/image\/\"},\"sameAs\":[\"https:\/\/www.facebook.com\/Festival-Pranger-1538163273155704\/\"]}]}<\/script>\n<!-- \/ Yoast SEO plugin. -->","yoast_head_json":{"title":"Pranger Festival - Festival Pranger","robots":{"index":"index","follow":"follow","max-snippet":"max-snippet:-1","max-image-preview":"max-image-preview:large","max-video-preview":"max-video-preview:-1"},"canonical":"https:\/\/pranger.si\/en\/programme\/","og_locale":"en_US","og_type":"article","og_title":"Pranger Festival - Festival Pranger","og_description":"22th gathering of poets, critics and translators of poetry Radovljica, Ljubljana, Kranj; 21st-27th of September 2025 &nbsp; We welcome you to gather once again in front of the pranger \u2013 in 2025, it will be the medieval stocks between the pillars of the Mali House on Linhart Square in Radovljica, the only ones of their [...]Read More...","og_url":"https:\/\/pranger.si\/en\/programme\/","og_site_name":"Festival Pranger","article_publisher":"https:\/\/www.facebook.com\/Festival-Pranger-1538163273155704\/","article_modified_time":"2025-09-17T15:48:11+00:00","og_image":[{"url":"https:\/\/pranger.si\/wp-content\/uploads\/2025\/04\/Pranger-novo-prizorisce-Radovljica-trg_1-c-Pranger-1024x768.png"}],"twitter_card":"summary_large_image","twitter_misc":{"Est. reading time":"6 minutes"},"schema":{"@context":"https:\/\/schema.org","@graph":[{"@type":"WebPage","@id":"https:\/\/pranger.si\/en\/programme\/","url":"https:\/\/pranger.si\/en\/programme\/","name":"Pranger Festival - Festival Pranger","isPartOf":{"@id":"https:\/\/pranger.si\/en\/#website"},"datePublished":"2018-03-01T15:10:38+00:00","dateModified":"2025-09-17T15:48:11+00:00","breadcrumb":{"@id":"https:\/\/pranger.si\/en\/programme\/#breadcrumb"},"inLanguage":"en-US","potentialAction":[{"@type":"ReadAction","target":["https:\/\/pranger.si\/en\/programme\/"]}]},{"@type":"BreadcrumbList","@id":"https:\/\/pranger.si\/en\/programme\/#breadcrumb","itemListElement":[{"@type":"ListItem","position":1,"name":"Home","item":"https:\/\/pranger.si\/en\/"},{"@type":"ListItem","position":2,"name":"Pranger Festival"}]},{"@type":"WebSite","@id":"https:\/\/pranger.si\/en\/#website","url":"https:\/\/pranger.si\/en\/","name":"Pranger","description":"Sre\u010danje pesnikov, kritikov in prevajalcev poezije","publisher":{"@id":"https:\/\/pranger.si\/en\/#organization"},"potentialAction":[{"@type":"SearchAction","target":{"@type":"EntryPoint","urlTemplate":"https:\/\/pranger.si\/en\/?s={search_term_string}"},"query-input":"required name=search_term_string"}],"inLanguage":"en-US"},{"@type":"Organization","@id":"https:\/\/pranger.si\/en\/#organization","name":"KUD Pranger","url":"https:\/\/pranger.si\/en\/","logo":{"@type":"ImageObject","inLanguage":"en-US","@id":"https:\/\/pranger.si\/en\/#\/schema\/logo\/image\/","url":"http:\/\/pranger.si\/wp-content\/uploads\/2018\/03\/logo.png","contentUrl":"http:\/\/pranger.si\/wp-content\/uploads\/2018\/03\/logo.png","width":288,"height":100,"caption":"KUD Pranger"},"image":{"@id":"https:\/\/pranger.si\/en\/#\/schema\/logo\/image\/"},"sameAs":["https:\/\/www.facebook.com\/Festival-Pranger-1538163273155704\/"]}]}},"_links":{"self":[{"href":"https:\/\/pranger.si\/en\/wp-json\/wp\/v2\/pages\/692"}],"collection":[{"href":"https:\/\/pranger.si\/en\/wp-json\/wp\/v2\/pages"}],"about":[{"href":"https:\/\/pranger.si\/en\/wp-json\/wp\/v2\/types\/page"}],"author":[{"embeddable":true,"href":"https:\/\/pranger.si\/en\/wp-json\/wp\/v2\/users\/1"}],"replies":[{"embeddable":true,"href":"https:\/\/pranger.si\/en\/wp-json\/wp\/v2\/comments?post=692"}],"version-history":[{"count":58,"href":"https:\/\/pranger.si\/en\/wp-json\/wp\/v2\/pages\/692\/revisions"}],"predecessor-version":[{"id":9138,"href":"https:\/\/pranger.si\/en\/wp-json\/wp\/v2\/pages\/692\/revisions\/9138"}],"wp:attachment":[{"href":"https:\/\/pranger.si\/en\/wp-json\/wp\/v2\/media?parent=692"}],"curies":[{"name":"wp","href":"https:\/\/api.w.org\/{rel}","templated":true}]}}