{"id":2139,"date":"2019-06-10T14:15:14","date_gmt":"2019-06-10T14:15:14","guid":{"rendered":"http:\/\/pranger.si\/?page_id=2139"},"modified":"2020-02-12T10:02:05","modified_gmt":"2020-02-12T10:02:05","slug":"prangers-ear","status":"publish","type":"page","link":"https:\/\/pranger.si\/en\/prangers-ear\/","title":{"rendered":"Pranger&#8217;s ear"},"content":{"rendered":"<p>Performance of Simona Kopin\u0161ek, shaped as a voyage into the labyrinthical space of Pranger&#8217;s chosen poets and their poetics. Nine different voices represent nine different vibrations, nine universes, suns, hearts&#8230;<\/p>\n<h5>Alenka Jovanovski: <em>Tiso\u010d osemdeset stopinj<\/em><\/h5>\n<h5><em>Vra\u010dajo se ta\u0161\u010dice<\/em><\/h5>\n<!--[if lt IE 9]><script>document.createElement('audio');<\/script><![endif]-->\n<audio class=\"wp-audio-shortcode\" id=\"audio-2139-1\" preload=\"none\" style=\"width: 100%;\" controls=\"controls\"><source type=\"audio\/mpeg\" src=\"https:\/\/ia801500.us.archive.org\/22\/items\/prangerjevo-uho-2019\/1080%20STOPINJ%20ALENKA%20JOVANOVSKI%20VRA%C4%8CAJO%20SE%20TA%C5%A0%C4%8CICE.mp3?_=1\" \/><a href=\"https:\/\/ia801500.us.archive.org\/22\/items\/prangerjevo-uho-2019\/1080%20STOPINJ%20ALENKA%20JOVANOVSKI%20VRA%C4%8CAJO%20SE%20TA%C5%A0%C4%8CICE.mp3\">https:\/\/ia801500.us.archive.org\/22\/items\/prangerjevo-uho-2019\/1080%20STOPINJ%20ALENKA%20JOVANOVSKI%20VRA%C4%8CAJO%20SE%20TA%C5%A0%C4%8CICE.mp3<\/a><\/audio>\n<h5><em>Iz daljav<\/em><\/h5>\n<audio class=\"wp-audio-shortcode\" id=\"audio-2139-2\" preload=\"none\" style=\"width: 100%;\" controls=\"controls\"><source type=\"audio\/mpeg\" src=\"https:\/\/ia601500.us.archive.org\/22\/items\/prangerjevo-uho-2019\/PRANGERJEVO%20UHO%20IZ%20DALJAV%20Alenka%20Jovanovski.mp3?_=2\" \/><a href=\"https:\/\/ia601500.us.archive.org\/22\/items\/prangerjevo-uho-2019\/PRANGERJEVO%20UHO%20IZ%20DALJAV%20Alenka%20Jovanovski.mp3\">https:\/\/ia601500.us.archive.org\/22\/items\/prangerjevo-uho-2019\/PRANGERJEVO%20UHO%20IZ%20DALJAV%20Alenka%20Jovanovski.mp3<\/a><\/audio>\n<h5>Andreja \u0160tepec:\u00a0<em>Edit Paf<\/em><\/h5>\n<audio class=\"wp-audio-shortcode\" id=\"audio-2139-3\" preload=\"none\" style=\"width: 100%;\" controls=\"controls\"><source type=\"audio\/mpeg\" src=\"https:\/\/ia801500.us.archive.org\/22\/items\/prangerjevo-uho-2019\/ANDREJA%20%C5%A0TEPEC.mp3?_=3\" \/><a href=\"https:\/\/ia801500.us.archive.org\/22\/items\/prangerjevo-uho-2019\/ANDREJA%20%C5%A0TEPEC.mp3\">https:\/\/ia801500.us.archive.org\/22\/items\/prangerjevo-uho-2019\/ANDREJA%20%C5%A0TEPEC.mp3<\/a><\/audio>\n<h5>Klarisa Jovanovi\u0107, Esad Baba\u010di\u0107, Milan \u0160elj in Varja Bal\u017ealorsky Anti\u0107<\/h5>\n<audio class=\"wp-audio-shortcode\" id=\"audio-2139-4\" preload=\"none\" style=\"width: 100%;\" controls=\"controls\"><source type=\"audio\/mpeg\" src=\"https:\/\/ia801500.us.archive.org\/22\/items\/prangerjevo-uho-2019\/JOVANOVIC%2C%20Babacic%2C%20Milosevic%2C%20Selj%2C.mp3?_=4\" \/><a href=\"https:\/\/ia801500.us.archive.org\/22\/items\/prangerjevo-uho-2019\/JOVANOVIC%2C%20Babacic%2C%20Milosevic%2C%20Selj%2C.mp3\">https:\/\/ia801500.us.archive.org\/22\/items\/prangerjevo-uho-2019\/JOVANOVIC%2C%20Babacic%2C%20Milosevic%2C%20Selj%2C.mp3<\/a><\/audio>\n<h5>Alenka Jovanovski, Kaja Ter\u017ean, Andreja \u0160tepec in Jure Jakob<\/h5>\n<audio class=\"wp-audio-shortcode\" id=\"audio-2139-5\" preload=\"none\" style=\"width: 100%;\" controls=\"controls\"><source type=\"audio\/mpeg\" src=\"https:\/\/ia801500.us.archive.org\/22\/items\/prangerjevo-uho-2019\/Jovanovski%2C%20Ter%C5%BEan%2C%20%C5%A0tepec%2C%20Jakob.mp3?_=5\" \/><a href=\"https:\/\/ia801500.us.archive.org\/22\/items\/prangerjevo-uho-2019\/Jovanovski%2C%20Ter%C5%BEan%2C%20%C5%A0tepec%2C%20Jakob.mp3\">https:\/\/ia801500.us.archive.org\/22\/items\/prangerjevo-uho-2019\/Jovanovski%2C%20Ter%C5%BEan%2C%20%C5%A0tepec%2C%20Jakob.mp3<\/a><\/audio>\n<h5>Maja Milo\u0161evi\u010d:\u00a0<em>Oder za gluhe<\/em><\/h5>\n<h5><em>Nedelja<\/em><\/h5>\n<audio class=\"wp-audio-shortcode\" id=\"audio-2139-6\" preload=\"none\" style=\"width: 100%;\" controls=\"controls\"><source type=\"audio\/mpeg\" src=\"https:\/\/ia601500.us.archive.org\/22\/items\/prangerjevo-uho-2019\/NEDELJA%20MAJA%20M%20PRANGERJEVO%20UHO%20DALJAV.mp3?_=6\" \/><a href=\"https:\/\/ia601500.us.archive.org\/22\/items\/prangerjevo-uho-2019\/NEDELJA%20MAJA%20M%20PRANGERJEVO%20UHO%20DALJAV.mp3\">https:\/\/ia601500.us.archive.org\/22\/items\/prangerjevo-uho-2019\/NEDELJA%20MAJA%20M%20PRANGERJEVO%20UHO%20DALJAV.mp3<\/a><\/audio>\n","protected":false},"excerpt":{"rendered":"<p>Performance of Simona Kopin\u0161ek, shaped as a voyage into the labyrinthical space of Pranger&#8217;s chosen poets and their poetics. Nine different voices represent nine different vibrations, nine universes, suns, hearts&#8230; Alenka Jovanovski: Tiso\u010d osemdeset stopinj Vra\u010dajo se ta\u0161\u010dice https:\/\/ia801500.us.archive.org\/22\/items\/prangerjevo-uho-2019\/1080%20STOPINJ%20ALENKA%20JOVANOVSKI%20VRA%C4%8CAJO%20SE%20TA%C5%A0%C4%8CICE.mp3 Iz daljav https:\/\/ia601500.us.archive.org\/22\/items\/prangerjevo-uho-2019\/PRANGERJEVO%20UHO%20IZ%20DALJAV%20Alenka%20Jovanovski.mp3 Andreja \u0160tepec:\u00a0Edit Paf https:\/\/ia801500.us.archive.org\/22\/items\/prangerjevo-uho-2019\/ANDREJA%20%C5%A0TEPEC.mp3 Klarisa Jovanovi\u0107, Esad Baba\u010di\u0107, Milan \u0160elj in Varja Bal\u017ealorsky [&#8230;]<\/p>\n<p><a class=\"btn btn-secondary understrap-read-more-link\" href=\"https:\/\/pranger.si\/en\/prangers-ear\/\">Read More&#8230;<\/a><\/p>\n","protected":false},"author":5,"featured_media":0,"parent":0,"menu_order":0,"comment_status":"closed","ping_status":"closed","template":"","meta":{"inline_featured_image":false,"_exactmetrics_skip_tracking":false,"_exactmetrics_sitenote_active":false,"_exactmetrics_sitenote_note":"","_exactmetrics_sitenote_category":0},"acf":[],"yoast_head":"<!-- This site is optimized with the Yoast SEO plugin v20.1 - https:\/\/yoast.com\/wordpress\/plugins\/seo\/ -->\n<title>Pranger&#039;s ear - Festival Pranger<\/title>\n<meta name=\"robots\" content=\"index, follow, max-snippet:-1, max-image-preview:large, max-video-preview:-1\" \/>\n<link rel=\"canonical\" href=\"https:\/\/pranger.si\/en\/prangers-ear\/\" \/>\n<meta property=\"og:locale\" content=\"en_US\" \/>\n<meta property=\"og:type\" content=\"article\" \/>\n<meta property=\"og:title\" content=\"Pranger&#039;s ear - Festival Pranger\" \/>\n<meta property=\"og:description\" content=\"Performance of Simona Kopin\u0161ek, shaped as a voyage into the labyrinthical space of Pranger&#8217;s chosen poets and their poetics. Nine different voices represent nine different vibrations, nine universes, suns, hearts&#8230; Alenka Jovanovski: Tiso\u010d osemdeset stopinj Vra\u010dajo se ta\u0161\u010dice https:\/\/ia801500.us.archive.org\/22\/items\/prangerjevo-uho-2019\/1080%20STOPINJ%20ALENKA%20JOVANOVSKI%20VRA%C4%8CAJO%20SE%20TA%C5%A0%C4%8CICE.mp3 Iz daljav https:\/\/ia601500.us.archive.org\/22\/items\/prangerjevo-uho-2019\/PRANGERJEVO%20UHO%20IZ%20DALJAV%20Alenka%20Jovanovski.mp3 Andreja \u0160tepec:\u00a0Edit Paf https:\/\/ia801500.us.archive.org\/22\/items\/prangerjevo-uho-2019\/ANDREJA%20%C5%A0TEPEC.mp3 Klarisa Jovanovi\u0107, Esad Baba\u010di\u0107, Milan \u0160elj in Varja Bal\u017ealorsky [...]Read More...\" \/>\n<meta property=\"og:url\" content=\"https:\/\/pranger.si\/en\/prangers-ear\/\" \/>\n<meta property=\"og:site_name\" content=\"Festival Pranger\" \/>\n<meta property=\"article:publisher\" content=\"https:\/\/www.facebook.com\/Festival-Pranger-1538163273155704\/\" \/>\n<meta property=\"article:modified_time\" content=\"2020-02-12T10:02:05+00:00\" \/>\n<meta name=\"twitter:card\" content=\"summary_large_image\" \/>\n<meta name=\"twitter:label1\" content=\"Est. reading time\" \/>\n\t<meta name=\"twitter:data1\" content=\"1 minute\" \/>\n<script type=\"application\/ld+json\" class=\"yoast-schema-graph\">{\"@context\":\"https:\/\/schema.org\",\"@graph\":[{\"@type\":\"WebPage\",\"@id\":\"https:\/\/pranger.si\/en\/prangers-ear\/\",\"url\":\"https:\/\/pranger.si\/en\/prangers-ear\/\",\"name\":\"Pranger's ear - Festival Pranger\",\"isPartOf\":{\"@id\":\"https:\/\/pranger.si\/en\/#website\"},\"datePublished\":\"2019-06-10T14:15:14+00:00\",\"dateModified\":\"2020-02-12T10:02:05+00:00\",\"breadcrumb\":{\"@id\":\"https:\/\/pranger.si\/en\/prangers-ear\/#breadcrumb\"},\"inLanguage\":\"en-US\",\"potentialAction\":[{\"@type\":\"ReadAction\",\"target\":[\"https:\/\/pranger.si\/en\/prangers-ear\/\"]}]},{\"@type\":\"BreadcrumbList\",\"@id\":\"https:\/\/pranger.si\/en\/prangers-ear\/#breadcrumb\",\"itemListElement\":[{\"@type\":\"ListItem\",\"position\":1,\"name\":\"Home\",\"item\":\"https:\/\/pranger.si\/en\/\"},{\"@type\":\"ListItem\",\"position\":2,\"name\":\"Pranger&#8217;s ear\"}]},{\"@type\":\"WebSite\",\"@id\":\"https:\/\/pranger.si\/en\/#website\",\"url\":\"https:\/\/pranger.si\/en\/\",\"name\":\"Pranger\",\"description\":\"Sre\u010danje pesnikov, kritikov in prevajalcev poezije\",\"publisher\":{\"@id\":\"https:\/\/pranger.si\/en\/#organization\"},\"potentialAction\":[{\"@type\":\"SearchAction\",\"target\":{\"@type\":\"EntryPoint\",\"urlTemplate\":\"https:\/\/pranger.si\/en\/?s={search_term_string}\"},\"query-input\":\"required name=search_term_string\"}],\"inLanguage\":\"en-US\"},{\"@type\":\"Organization\",\"@id\":\"https:\/\/pranger.si\/en\/#organization\",\"name\":\"KUD Pranger\",\"url\":\"https:\/\/pranger.si\/en\/\",\"logo\":{\"@type\":\"ImageObject\",\"inLanguage\":\"en-US\",\"@id\":\"https:\/\/pranger.si\/en\/#\/schema\/logo\/image\/\",\"url\":\"http:\/\/pranger.si\/wp-content\/uploads\/2018\/03\/logo.png\",\"contentUrl\":\"http:\/\/pranger.si\/wp-content\/uploads\/2018\/03\/logo.png\",\"width\":288,\"height\":100,\"caption\":\"KUD Pranger\"},\"image\":{\"@id\":\"https:\/\/pranger.si\/en\/#\/schema\/logo\/image\/\"},\"sameAs\":[\"https:\/\/www.facebook.com\/Festival-Pranger-1538163273155704\/\"]}]}<\/script>\n<!-- \/ Yoast SEO plugin. -->","yoast_head_json":{"title":"Pranger's ear - Festival Pranger","robots":{"index":"index","follow":"follow","max-snippet":"max-snippet:-1","max-image-preview":"max-image-preview:large","max-video-preview":"max-video-preview:-1"},"canonical":"https:\/\/pranger.si\/en\/prangers-ear\/","og_locale":"en_US","og_type":"article","og_title":"Pranger's ear - Festival Pranger","og_description":"Performance of Simona Kopin\u0161ek, shaped as a voyage into the labyrinthical space of Pranger&#8217;s chosen poets and their poetics. Nine different voices represent nine different vibrations, nine universes, suns, hearts&#8230; Alenka Jovanovski: Tiso\u010d osemdeset stopinj Vra\u010dajo se ta\u0161\u010dice https:\/\/ia801500.us.archive.org\/22\/items\/prangerjevo-uho-2019\/1080%20STOPINJ%20ALENKA%20JOVANOVSKI%20VRA%C4%8CAJO%20SE%20TA%C5%A0%C4%8CICE.mp3 Iz daljav https:\/\/ia601500.us.archive.org\/22\/items\/prangerjevo-uho-2019\/PRANGERJEVO%20UHO%20IZ%20DALJAV%20Alenka%20Jovanovski.mp3 Andreja \u0160tepec:\u00a0Edit Paf https:\/\/ia801500.us.archive.org\/22\/items\/prangerjevo-uho-2019\/ANDREJA%20%C5%A0TEPEC.mp3 Klarisa Jovanovi\u0107, Esad Baba\u010di\u0107, Milan \u0160elj in Varja Bal\u017ealorsky [...]Read More...","og_url":"https:\/\/pranger.si\/en\/prangers-ear\/","og_site_name":"Festival Pranger","article_publisher":"https:\/\/www.facebook.com\/Festival-Pranger-1538163273155704\/","article_modified_time":"2020-02-12T10:02:05+00:00","twitter_card":"summary_large_image","twitter_misc":{"Est. reading time":"1 minute"},"schema":{"@context":"https:\/\/schema.org","@graph":[{"@type":"WebPage","@id":"https:\/\/pranger.si\/en\/prangers-ear\/","url":"https:\/\/pranger.si\/en\/prangers-ear\/","name":"Pranger's ear - Festival Pranger","isPartOf":{"@id":"https:\/\/pranger.si\/en\/#website"},"datePublished":"2019-06-10T14:15:14+00:00","dateModified":"2020-02-12T10:02:05+00:00","breadcrumb":{"@id":"https:\/\/pranger.si\/en\/prangers-ear\/#breadcrumb"},"inLanguage":"en-US","potentialAction":[{"@type":"ReadAction","target":["https:\/\/pranger.si\/en\/prangers-ear\/"]}]},{"@type":"BreadcrumbList","@id":"https:\/\/pranger.si\/en\/prangers-ear\/#breadcrumb","itemListElement":[{"@type":"ListItem","position":1,"name":"Home","item":"https:\/\/pranger.si\/en\/"},{"@type":"ListItem","position":2,"name":"Pranger&#8217;s ear"}]},{"@type":"WebSite","@id":"https:\/\/pranger.si\/en\/#website","url":"https:\/\/pranger.si\/en\/","name":"Pranger","description":"Sre\u010danje pesnikov, kritikov in prevajalcev poezije","publisher":{"@id":"https:\/\/pranger.si\/en\/#organization"},"potentialAction":[{"@type":"SearchAction","target":{"@type":"EntryPoint","urlTemplate":"https:\/\/pranger.si\/en\/?s={search_term_string}"},"query-input":"required name=search_term_string"}],"inLanguage":"en-US"},{"@type":"Organization","@id":"https:\/\/pranger.si\/en\/#organization","name":"KUD Pranger","url":"https:\/\/pranger.si\/en\/","logo":{"@type":"ImageObject","inLanguage":"en-US","@id":"https:\/\/pranger.si\/en\/#\/schema\/logo\/image\/","url":"http:\/\/pranger.si\/wp-content\/uploads\/2018\/03\/logo.png","contentUrl":"http:\/\/pranger.si\/wp-content\/uploads\/2018\/03\/logo.png","width":288,"height":100,"caption":"KUD Pranger"},"image":{"@id":"https:\/\/pranger.si\/en\/#\/schema\/logo\/image\/"},"sameAs":["https:\/\/www.facebook.com\/Festival-Pranger-1538163273155704\/"]}]}},"_links":{"self":[{"href":"https:\/\/pranger.si\/en\/wp-json\/wp\/v2\/pages\/2139"}],"collection":[{"href":"https:\/\/pranger.si\/en\/wp-json\/wp\/v2\/pages"}],"about":[{"href":"https:\/\/pranger.si\/en\/wp-json\/wp\/v2\/types\/page"}],"author":[{"embeddable":true,"href":"https:\/\/pranger.si\/en\/wp-json\/wp\/v2\/users\/5"}],"replies":[{"embeddable":true,"href":"https:\/\/pranger.si\/en\/wp-json\/wp\/v2\/comments?post=2139"}],"version-history":[{"count":2,"href":"https:\/\/pranger.si\/en\/wp-json\/wp\/v2\/pages\/2139\/revisions"}],"predecessor-version":[{"id":3015,"href":"https:\/\/pranger.si\/en\/wp-json\/wp\/v2\/pages\/2139\/revisions\/3015"}],"wp:attachment":[{"href":"https:\/\/pranger.si\/en\/wp-json\/wp\/v2\/media?parent=2139"}],"curies":[{"name":"wp","href":"https:\/\/api.w.org\/{rel}","templated":true}]}}