{"id":1005,"date":"2018-03-19T12:18:40","date_gmt":"2018-03-19T12:18:40","guid":{"rendered":"http:\/\/localhost:8888\/pranger\/?page_id=1005"},"modified":"2020-02-12T11:07:27","modified_gmt":"2020-02-12T11:07:27","slug":"library","status":"publish","type":"page","link":"https:\/\/pranger.si\/en\/library\/","title":{"rendered":"Library"},"content":{"rendered":"<div class=\"alert alert-pranger\">Reading Room 2019<\/div>\n<p><strong>Barbara Korun: <a href=\"https:\/\/www.vecer.com\/pranger-odpor-in-upor-10016187\" target=\"_blank\" rel=\"noopener\">Odpor in upor<\/a><\/strong><br \/>\nVe\u010der, 29 May 2019<\/p>\n<p><strong>Domen Slovini\u010d:\u00a0<a href=\"https:\/\/www.vecer.com\/pranger-osebna-osvoboditev-in-brisanje-mej-10017456\" target=\"_blank\" rel=\"noopener\">Osebna osvoboditev in brisanje mej<\/a><\/strong><br \/>\nVe\u010der, 31 May 2019<\/p>\n<p><strong>Alja\u017e Koprivnikar: <a href=\"https:\/\/www.vecer.com\/pranger-premikanje-na-boljse-10018236\" target=\"_blank\" rel=\"noopener\">Premikanje na bolj\u0161e<\/a><\/strong><br \/>\nVe\u010der, 2 June 2019<\/p>\n<p>&nbsp;<\/p>\n<div class=\"alert alert-pranger\">Booklet of translations 2019<\/div>\n<p><a href=\"http:\/\/pranger.si\/wp-content\/uploads\/2020\/01\/Prevodna-knji\u017eica-manj\u0161a-tisk.pdf\">Booklet of translations to Albanian<\/a><\/p>\n","protected":false},"excerpt":{"rendered":"<p>Barbara Korun: Odpor in upor Ve\u010der, 29 May 2019 Domen Slovini\u010d:\u00a0Osebna osvoboditev in brisanje mej Ve\u010der, 31 May 2019 Alja\u017e Koprivnikar: Premikanje na bolj\u0161e Ve\u010der, 2 June 2019 &nbsp; Booklet of translations to Albanian [&#8230;]<\/p>\n<p><a class=\"btn btn-secondary understrap-read-more-link\" href=\"https:\/\/pranger.si\/en\/library\/\">Read More&#8230;<\/a><\/p>\n","protected":false},"author":1,"featured_media":0,"parent":0,"menu_order":0,"comment_status":"closed","ping_status":"closed","template":"","meta":{"inline_featured_image":false,"_exactmetrics_skip_tracking":false,"_exactmetrics_sitenote_active":false,"_exactmetrics_sitenote_note":"","_exactmetrics_sitenote_category":0},"acf":[],"yoast_head":"<!-- This site is optimized with the Yoast SEO plugin v20.1 - https:\/\/yoast.com\/wordpress\/plugins\/seo\/ -->\n<title>Library - Festival Pranger<\/title>\n<meta name=\"robots\" content=\"index, follow, max-snippet:-1, max-image-preview:large, max-video-preview:-1\" \/>\n<link rel=\"canonical\" href=\"https:\/\/pranger.si\/en\/library\/\" \/>\n<meta property=\"og:locale\" content=\"en_US\" \/>\n<meta property=\"og:type\" content=\"article\" \/>\n<meta property=\"og:title\" content=\"Library - Festival Pranger\" \/>\n<meta property=\"og:description\" content=\"Barbara Korun: Odpor in upor Ve\u010der, 29 May 2019 Domen Slovini\u010d:\u00a0Osebna osvoboditev in brisanje mej Ve\u010der, 31 May 2019 Alja\u017e Koprivnikar: Premikanje na bolj\u0161e Ve\u010der, 2 June 2019 &nbsp; Booklet of translations to Albanian [...]Read More...\" \/>\n<meta property=\"og:url\" content=\"https:\/\/pranger.si\/en\/library\/\" \/>\n<meta property=\"og:site_name\" content=\"Festival Pranger\" \/>\n<meta property=\"article:publisher\" content=\"https:\/\/www.facebook.com\/Festival-Pranger-1538163273155704\/\" \/>\n<meta property=\"article:modified_time\" content=\"2020-02-12T11:07:27+00:00\" \/>\n<meta name=\"twitter:card\" content=\"summary_large_image\" \/>\n<script type=\"application\/ld+json\" class=\"yoast-schema-graph\">{\"@context\":\"https:\/\/schema.org\",\"@graph\":[{\"@type\":\"WebPage\",\"@id\":\"https:\/\/pranger.si\/en\/library\/\",\"url\":\"https:\/\/pranger.si\/en\/library\/\",\"name\":\"Library - Festival Pranger\",\"isPartOf\":{\"@id\":\"https:\/\/pranger.si\/en\/#website\"},\"datePublished\":\"2018-03-19T12:18:40+00:00\",\"dateModified\":\"2020-02-12T11:07:27+00:00\",\"breadcrumb\":{\"@id\":\"https:\/\/pranger.si\/en\/library\/#breadcrumb\"},\"inLanguage\":\"en-US\",\"potentialAction\":[{\"@type\":\"ReadAction\",\"target\":[\"https:\/\/pranger.si\/en\/library\/\"]}]},{\"@type\":\"BreadcrumbList\",\"@id\":\"https:\/\/pranger.si\/en\/library\/#breadcrumb\",\"itemListElement\":[{\"@type\":\"ListItem\",\"position\":1,\"name\":\"Home\",\"item\":\"https:\/\/pranger.si\/en\/\"},{\"@type\":\"ListItem\",\"position\":2,\"name\":\"Library\"}]},{\"@type\":\"WebSite\",\"@id\":\"https:\/\/pranger.si\/en\/#website\",\"url\":\"https:\/\/pranger.si\/en\/\",\"name\":\"Pranger\",\"description\":\"Sre\u010danje pesnikov, kritikov in prevajalcev poezije\",\"publisher\":{\"@id\":\"https:\/\/pranger.si\/en\/#organization\"},\"potentialAction\":[{\"@type\":\"SearchAction\",\"target\":{\"@type\":\"EntryPoint\",\"urlTemplate\":\"https:\/\/pranger.si\/en\/?s={search_term_string}\"},\"query-input\":\"required name=search_term_string\"}],\"inLanguage\":\"en-US\"},{\"@type\":\"Organization\",\"@id\":\"https:\/\/pranger.si\/en\/#organization\",\"name\":\"KUD Pranger\",\"url\":\"https:\/\/pranger.si\/en\/\",\"logo\":{\"@type\":\"ImageObject\",\"inLanguage\":\"en-US\",\"@id\":\"https:\/\/pranger.si\/en\/#\/schema\/logo\/image\/\",\"url\":\"http:\/\/pranger.si\/wp-content\/uploads\/2018\/03\/logo.png\",\"contentUrl\":\"http:\/\/pranger.si\/wp-content\/uploads\/2018\/03\/logo.png\",\"width\":288,\"height\":100,\"caption\":\"KUD Pranger\"},\"image\":{\"@id\":\"https:\/\/pranger.si\/en\/#\/schema\/logo\/image\/\"},\"sameAs\":[\"https:\/\/www.facebook.com\/Festival-Pranger-1538163273155704\/\"]}]}<\/script>\n<!-- \/ Yoast SEO plugin. -->","yoast_head_json":{"title":"Library - Festival Pranger","robots":{"index":"index","follow":"follow","max-snippet":"max-snippet:-1","max-image-preview":"max-image-preview:large","max-video-preview":"max-video-preview:-1"},"canonical":"https:\/\/pranger.si\/en\/library\/","og_locale":"en_US","og_type":"article","og_title":"Library - Festival Pranger","og_description":"Barbara Korun: Odpor in upor Ve\u010der, 29 May 2019 Domen Slovini\u010d:\u00a0Osebna osvoboditev in brisanje mej Ve\u010der, 31 May 2019 Alja\u017e Koprivnikar: Premikanje na bolj\u0161e Ve\u010der, 2 June 2019 &nbsp; Booklet of translations to Albanian [...]Read More...","og_url":"https:\/\/pranger.si\/en\/library\/","og_site_name":"Festival Pranger","article_publisher":"https:\/\/www.facebook.com\/Festival-Pranger-1538163273155704\/","article_modified_time":"2020-02-12T11:07:27+00:00","twitter_card":"summary_large_image","schema":{"@context":"https:\/\/schema.org","@graph":[{"@type":"WebPage","@id":"https:\/\/pranger.si\/en\/library\/","url":"https:\/\/pranger.si\/en\/library\/","name":"Library - Festival Pranger","isPartOf":{"@id":"https:\/\/pranger.si\/en\/#website"},"datePublished":"2018-03-19T12:18:40+00:00","dateModified":"2020-02-12T11:07:27+00:00","breadcrumb":{"@id":"https:\/\/pranger.si\/en\/library\/#breadcrumb"},"inLanguage":"en-US","potentialAction":[{"@type":"ReadAction","target":["https:\/\/pranger.si\/en\/library\/"]}]},{"@type":"BreadcrumbList","@id":"https:\/\/pranger.si\/en\/library\/#breadcrumb","itemListElement":[{"@type":"ListItem","position":1,"name":"Home","item":"https:\/\/pranger.si\/en\/"},{"@type":"ListItem","position":2,"name":"Library"}]},{"@type":"WebSite","@id":"https:\/\/pranger.si\/en\/#website","url":"https:\/\/pranger.si\/en\/","name":"Pranger","description":"Sre\u010danje pesnikov, kritikov in prevajalcev poezije","publisher":{"@id":"https:\/\/pranger.si\/en\/#organization"},"potentialAction":[{"@type":"SearchAction","target":{"@type":"EntryPoint","urlTemplate":"https:\/\/pranger.si\/en\/?s={search_term_string}"},"query-input":"required name=search_term_string"}],"inLanguage":"en-US"},{"@type":"Organization","@id":"https:\/\/pranger.si\/en\/#organization","name":"KUD Pranger","url":"https:\/\/pranger.si\/en\/","logo":{"@type":"ImageObject","inLanguage":"en-US","@id":"https:\/\/pranger.si\/en\/#\/schema\/logo\/image\/","url":"http:\/\/pranger.si\/wp-content\/uploads\/2018\/03\/logo.png","contentUrl":"http:\/\/pranger.si\/wp-content\/uploads\/2018\/03\/logo.png","width":288,"height":100,"caption":"KUD Pranger"},"image":{"@id":"https:\/\/pranger.si\/en\/#\/schema\/logo\/image\/"},"sameAs":["https:\/\/www.facebook.com\/Festival-Pranger-1538163273155704\/"]}]}},"_links":{"self":[{"href":"https:\/\/pranger.si\/en\/wp-json\/wp\/v2\/pages\/1005"}],"collection":[{"href":"https:\/\/pranger.si\/en\/wp-json\/wp\/v2\/pages"}],"about":[{"href":"https:\/\/pranger.si\/en\/wp-json\/wp\/v2\/types\/page"}],"author":[{"embeddable":true,"href":"https:\/\/pranger.si\/en\/wp-json\/wp\/v2\/users\/1"}],"replies":[{"embeddable":true,"href":"https:\/\/pranger.si\/en\/wp-json\/wp\/v2\/comments?post=1005"}],"version-history":[{"count":7,"href":"https:\/\/pranger.si\/en\/wp-json\/wp\/v2\/pages\/1005\/revisions"}],"predecessor-version":[{"id":3044,"href":"https:\/\/pranger.si\/en\/wp-json\/wp\/v2\/pages\/1005\/revisions\/3044"}],"wp:attachment":[{"href":"https:\/\/pranger.si\/en\/wp-json\/wp\/v2\/media?parent=1005"}],"curies":[{"name":"wp","href":"https:\/\/api.w.org\/{rel}","templated":true}]}}